{"id":519,"date":"2026-01-22T10:48:33","date_gmt":"2026-01-22T09:48:33","guid":{"rendered":"https:\/\/wpchronocarto.gaillard.info\/?page_id=519"},"modified":"2026-02-13T16:13:31","modified_gmt":"2026-02-13T15:13:31","slug":"mentions-legales","status":"publish","type":"page","link":"https:\/\/www.chronocarto.ens.fr\/wpchrono\/mentions-legales\/","title":{"rendered":"Mentions l\u00e9gales"},"content":{"rendered":"\n<p>Direction de la publication et responsables \u00e9ditoriaux\u00a0:\u00a0<strong>Katherine Gruel, Michel Dabas,Christophe Batardy<br>UMR 8546 CNRS\/ENS &#8211; AOROC\u00a0<em>Arch\u00e9ologie et philologie d\u2019Orient et d\u2019Occident<\/em>\u00a0<\/strong>, \u00c9cole normale sup\u00e9rieure 45, rue d\u2019Ulm 75005 Paris &#8211; Tel. secr\u00e9tariat\u00a0: 01 44 32 30 26, Fax 01 44 32 30 60 &#8211;\u00a0<a href=\"https:\/\/www.chronocarto.ens.fr\/wpchrono\/contact\/\" data-type=\"page\" data-id=\"524\">Email\u00a0: nous \u00e9crire via ce formulaire.<\/a><\/p>\n\n\n\n<p><strong>chronocarto.eu<\/strong>&nbsp;est h\u00e9berg\u00e9 sur un serveur du&nbsp;<strong><a href=\"https:\/\/www.huma-num.fr\/\" target=\"_blank\" rel=\"noopener noreferrer nofollow\">TGIR HUMA-NUM, CNRS UMS3598<\/a><\/strong>, 190-198 avenue de France CS N\u00b0&nbsp;71345 F &#8211; 75648 Paris Cedex 13 (France).<\/p>\n\n\n\n<p>Cr\u00e9ation du nouveau site Internet :<a href=\"https::www.chrisgaillard.com\" target=\"_blank\" rel=\"noopener noreferrer nofollow\">chris gaillard webdesign Grenoble<\/a><br>\u00c0 partir des \u00e9l\u00e9ments du premier site SPIP cr\u00e9\u00e9 par :\u00a0<strong>Thomas Crognier<\/strong>.<\/p>\n\n\n\n<hr class=\"wp-block-separator has-alpha-channel-opacity\"\/>\n\n\n\n<p>&nbsp;En visitant ce site , vous reconnaissez que vous avez les moyens et la possibilit\u00e9 d\u2019acc\u00e9der et utiliser ce site et d\u2019avoir v\u00e9rifi\u00e9 que la configuration informatique utilis\u00e9e ne contient aucun virus et qu\u2019elle est en parfait \u00e9tat de fonctionnement .<\/p>\n\n\n\n<p>Vous reconnaissez \u00e9galement avoir \u00e9t\u00e9 inform\u00e9 que le pr\u00e9sent site est accessible 24h sur 24 , 7 jours par semaine, sauf dans des circonstances ind\u00e9pendantes de notre volont\u00e9\u00a0: des probl\u00e8mes sur les r\u00e9seaux de communications ou des difficult\u00e9s techniques de l\u2019h\u00e9bergeur. Vous reconnaissez, en particulier, \u00eatre conscient que les pages web sont interpr\u00e9t\u00e9es diff\u00e9remment par les diff\u00e9rents navigateurs internet existants.<br>chronocarto.eu fait tous les efforts pour fournir \u00e0 ses visiteurs des informations et\/ou outils v\u00e9rifi\u00e9s mais ne saurait \u00eatre tenu responsable, notamment, de la pr\u00e9sence de virus sur ses pages.<br><\/p>\n\n\n\n<p>Conception, texte, images ou tout autre \u00e9l\u00e9ment composant le site sont la propri\u00e9t\u00e9 exclusive de chronocarto.eu. Leur utilisation, la repr\u00e9sentation totale ou partielle de ce site par quelque proc\u00e9d\u00e9 que ce soit, sans l\u2019autorisation expresse de la direction de publication est interdite et constitue une reproduction non autoris\u00e9e sanctionn\u00e9e par les articles L.335- 2 et suivants du Code de la propri\u00e9t\u00e9 intellectuelle.<\/p>\n\n\n\n<p>Tous les droits de reproduction sont r\u00e9serv\u00e9s, y compris pour les documents t\u00e9l\u00e9chargeables (pdf) .<br><\/p>\n\n\n\n<p>Aucun utilisateur ou visiteur du site chronocarto.eu n\u2019a le droit d\u2019installer un lien hypertexte vers ce site sans l\u2019autorisation pr\u00e9alable de la direction de publication de chronocarto.eu.<\/p>\n\n\n<p id=\"matomo_opted_out_intro\" style=\"display:none;\">Opt-out complete; your visits to this website will not be recorded by the Web Analytics tool. Note that if you clear your cookies, delete the opt-out cookie, or if you change computers or Web browsers, you will need to perform the opt-out procedure again.<\/p><p id=\"matomo_opted_in_intro\" >You may choose to prevent this website from aggregating and analyzing the actions you take here. Doing so will protect your privacy, but will also prevent the owner from learning from your actions and creating a better experience for you and other users.<\/p><form>\n        <input type=\"checkbox\" id=\"matomo_optout_checkbox\" checked=\"checked\"\/>\n        <label for=\"matomo_optout_checkbox\"><strong>\n        <span id=\"matomo_opted_in_label\" >You are not opted out. Uncheck this box to opt-out.<\/span>\n\t\t<span id=\"matomo_opted_out_label\" style=\"display:none;\">You are currently opted out. Check this box to opt-in.<\/span>\n        <\/strong><\/label><\/form><noscript><p><strong style=\"color: #ff0000;\">This opt out feature requires JavaScript.<\/strong><\/p><\/noscript><p id=\"matomo_outout_err_cookies\" style=\"display: none;\"><strong>The tracking opt-out feature requires cookies to be enabled.<\/strong><\/p>\n\n\n\n<p><\/p>\n","protected":false},"excerpt":{"rendered":"<p>Direction de la publication et responsables \u00e9ditoriaux\u00a0:\u00a0Katherine Gruel, Michel Dabas,Christophe BatardyUMR 8546 CNRS\/ENS &#8211; AOROC\u00a0Arch\u00e9ologie et philologie d\u2019Orient et d\u2019Occident\u00a0, \u00c9cole normale sup\u00e9rieure 45, rue d\u2019Ulm 75005 Paris &#8211; Tel. secr\u00e9tariat\u00a0: 01 44 32 30 26, Fax 01 44 32 30 60 &#8211;\u00a0Email\u00a0: nous \u00e9crire via ce formulaire. chronocarto.eu&nbsp;est h\u00e9berg\u00e9 sur un serveur du&nbsp;TGIR HUMA-NUM, [&hellip;]<\/p>\n","protected":false},"author":1,"featured_media":0,"parent":0,"menu_order":0,"comment_status":"closed","ping_status":"closed","template":"","meta":{"_acf_changed":false,"footnotes":""},"class_list":["post-519","page","type-page","status-publish","hentry"],"acf":[],"_links":{"self":[{"href":"https:\/\/www.chronocarto.ens.fr\/wpchrono\/wp-json\/wp\/v2\/pages\/519","targetHints":{"allow":["GET"]}}],"collection":[{"href":"https:\/\/www.chronocarto.ens.fr\/wpchrono\/wp-json\/wp\/v2\/pages"}],"about":[{"href":"https:\/\/www.chronocarto.ens.fr\/wpchrono\/wp-json\/wp\/v2\/types\/page"}],"author":[{"embeddable":true,"href":"https:\/\/www.chronocarto.ens.fr\/wpchrono\/wp-json\/wp\/v2\/users\/1"}],"replies":[{"embeddable":true,"href":"https:\/\/www.chronocarto.ens.fr\/wpchrono\/wp-json\/wp\/v2\/comments?post=519"}],"version-history":[{"count":6,"href":"https:\/\/www.chronocarto.ens.fr\/wpchrono\/wp-json\/wp\/v2\/pages\/519\/revisions"}],"predecessor-version":[{"id":2580,"href":"https:\/\/www.chronocarto.ens.fr\/wpchrono\/wp-json\/wp\/v2\/pages\/519\/revisions\/2580"}],"wp:attachment":[{"href":"https:\/\/www.chronocarto.ens.fr\/wpchrono\/wp-json\/wp\/v2\/media?parent=519"}],"curies":[{"name":"wp","href":"https:\/\/api.w.org\/{rel}","templated":true}]}}