{"id":2648,"date":"2026-02-16T10:30:33","date_gmt":"2026-02-16T09:30:33","guid":{"rendered":"https:\/\/wpchronocarto.gaillard.info\/?page_id=2648"},"modified":"2026-02-20T11:34:23","modified_gmt":"2026-02-20T10:34:23","slug":"le-comite-scientifique","status":"publish","type":"page","link":"https:\/\/www.chronocarto.ens.fr\/wpchrono\/le-comite-scientifique\/","title":{"rendered":"Le comit\u00e9 scientifique"},"content":{"rendered":"\n<p><\/p>\n\n\n\n<p>Le comit\u00e9 d&rsquo;une dizaines de personnes est en cours de constitution. <\/p>\n\n\n\n<p>La liste ci-dessous ne correspond qu&rsquo;aux premi\u00e8res confirmations :<\/p>\n\n\n\n<p>Claire Besson (Minist\u00e8re de la Culture SRA IDF), Eneko Hiriart (CNRS Bordeaux), Alain Tabbagh (Em\u00e9rite, PVI\/SU) &#8230;<\/p>\n\n\n\n<p><\/p>\n\n\n\n<p><\/p>\n\n\n\n<p><\/p>\n\n\n\n<p><\/p>\n","protected":false},"excerpt":{"rendered":"<p>Le comit\u00e9 d&rsquo;une dizaines de personnes est en cours de constitution. La liste ci-dessous ne correspond qu&rsquo;aux premi\u00e8res confirmations : Claire Besson (Minist\u00e8re de la Culture SRA IDF), Eneko Hiriart (CNRS Bordeaux), Alain Tabbagh (Em\u00e9rite, PVI\/SU) &#8230;<\/p>\n","protected":false},"author":1,"featured_media":0,"parent":0,"menu_order":0,"comment_status":"closed","ping_status":"closed","template":"","meta":{"_acf_changed":false,"footnotes":""},"class_list":["post-2648","page","type-page","status-publish","hentry"],"acf":[],"_links":{"self":[{"href":"https:\/\/www.chronocarto.ens.fr\/wpchrono\/wp-json\/wp\/v2\/pages\/2648","targetHints":{"allow":["GET"]}}],"collection":[{"href":"https:\/\/www.chronocarto.ens.fr\/wpchrono\/wp-json\/wp\/v2\/pages"}],"about":[{"href":"https:\/\/www.chronocarto.ens.fr\/wpchrono\/wp-json\/wp\/v2\/types\/page"}],"author":[{"embeddable":true,"href":"https:\/\/www.chronocarto.ens.fr\/wpchrono\/wp-json\/wp\/v2\/users\/1"}],"replies":[{"embeddable":true,"href":"https:\/\/www.chronocarto.ens.fr\/wpchrono\/wp-json\/wp\/v2\/comments?post=2648"}],"version-history":[{"count":6,"href":"https:\/\/www.chronocarto.ens.fr\/wpchrono\/wp-json\/wp\/v2\/pages\/2648\/revisions"}],"predecessor-version":[{"id":2722,"href":"https:\/\/www.chronocarto.ens.fr\/wpchrono\/wp-json\/wp\/v2\/pages\/2648\/revisions\/2722"}],"wp:attachment":[{"href":"https:\/\/www.chronocarto.ens.fr\/wpchrono\/wp-json\/wp\/v2\/media?parent=2648"}],"curies":[{"name":"wp","href":"https:\/\/api.w.org\/{rel}","templated":true}]}}