{"id":209,"date":"2025-12-29T11:27:42","date_gmt":"2025-12-29T10:27:42","guid":{"rendered":"https:\/\/wpchronocarto.gaillard.info\/?page_id=209"},"modified":"2026-02-11T07:20:20","modified_gmt":"2026-02-11T06:20:20","slug":"demande-de-participation","status":"publish","type":"page","link":"https:\/\/www.chronocarto.ens.fr\/wpchrono\/demande-de-participation\/","title":{"rendered":"Demande de participation"},"content":{"rendered":"\t\t<div data-elementor-type=\"wp-page\" data-elementor-id=\"209\" class=\"elementor elementor-209\" data-elementor-post-type=\"page\">\n\t\t\t\t<div class=\"elementor-element elementor-element-2d6dbb7 e-flex e-con-boxed e-con e-parent\" data-id=\"2d6dbb7\" data-element_type=\"container\" data-e-type=\"container\">\n\t\t\t\t\t<div class=\"e-con-inner\">\n\t\t\t\t<div class=\"elementor-element elementor-element-62f8473 elementor-widget elementor-widget-text-editor\" data-id=\"62f8473\" data-element_type=\"widget\" data-e-type=\"widget\" data-widget_type=\"text-editor.default\">\n\t\t\t\t\t\t\t\t\t<p>Pour int\u00e9grer un nouveau projet dans Chronocarto, il faut tout d\u2019abord contacter le comit\u00e9 de pilotage puis remplir le formulaire ci-dessous de cr\u00e9ation d\u2019une entr\u00e9e sur le portail Chronocarto<\/p>\t\t\t\t\t\t\t\t<\/div>\n\t\t\t\t<div class=\"elementor-element elementor-element-edf3b78 elementor-widget elementor-widget-text-editor\" data-id=\"edf3b78\" data-element_type=\"widget\" data-e-type=\"widget\" data-widget_type=\"text-editor.default\">\n\t\t\t\t\t\t\t\t\t<p>FORMULAIRE DE CR\u00c9ATION D&rsquo;UNE ENTR\u00c9E SUR<\/p><p><strong>LE PORTAIL CHRONOCARTO<\/strong><\/p>\t\t\t\t\t\t\t\t<\/div>\n\t\t\t\t<div class=\"elementor-element elementor-element-4e346a9 elementor-button-align-stretch elementor-widget elementor-widget-form\" data-id=\"4e346a9\" data-element_type=\"widget\" data-e-type=\"widget\" data-settings=\"{&quot;step_next_label&quot;:&quot;Suivant&quot;,&quot;step_previous_label&quot;:&quot;Pr\\u00e9c\\u00e9dent&quot;,&quot;button_width&quot;:&quot;100&quot;,&quot;step_type&quot;:&quot;number_text&quot;,&quot;step_icon_shape&quot;:&quot;circle&quot;}\" data-widget_type=\"form.default\">\n\t\t\t\t\t\t\t<form class=\"elementor-form\" method=\"post\" name=\"Nouveau formulaire\" aria-label=\"Nouveau formulaire\">\n\t\t\t<input type=\"hidden\" name=\"post_id\" value=\"209\"\/>\n\t\t\t<input type=\"hidden\" name=\"form_id\" value=\"4e346a9\"\/>\n\t\t\t<input type=\"hidden\" name=\"referer_title\" value=\"Demande de participation - Chronocarto - La recherche arch\u00e9ologique en cartes\" \/>\n\n\t\t\t\t\t\t\t<input type=\"hidden\" name=\"queried_id\" value=\"209\"\/>\n\t\t\t\n\t\t\t<div class=\"elementor-form-fields-wrapper elementor-labels-above\">\n\t\t\t\t\t\t\t\t<div class=\"elementor-field-type-url elementor-field-group elementor-column elementor-field-group-field_5d4269a elementor-col-100\">\n\t\t\t\t\t\t\t\t\t\t\t\t<label for=\"form-field-field_5d4269a\" class=\"elementor-field-label\">\n\t\t\t\t\t\t\t\tURL du projet cartographique (GCServer) \t\t\t\t\t\t\t<\/label>\n\t\t\t\t\t\t\t\t\t\t\t\t\t\t<input size=\"1\" type=\"url\" name=\"form_fields[field_5d4269a]\" id=\"form-field-field_5d4269a\" class=\"elementor-field elementor-size-sm  elementor-field-textual\">\n\t\t\t\t\t\t\t\t\t\t\t<\/div>\n\t\t\t\t\t\t\t\t<div class=\"elementor-field-type-checkbox elementor-field-group elementor-column elementor-field-group-field_90a2d85 elementor-col-100\">\n\t\t\t\t\t\t\t\t\t\t\t\t<label for=\"form-field-field_90a2d85\" class=\"elementor-field-label\">\n\t\t\t\t\t\t\t\tConditions d'acc\u00e8s\t\t\t\t\t\t\t<\/label>\n\t\t\t\t\t\t<div class=\"elementor-field-subgroup  elementor-subgroup-inline\"><span class=\"elementor-field-option\"><input type=\"checkbox\" value=\"Acc\u00e8s libre\" id=\"form-field-field_90a2d85-0\" name=\"form_fields[field_90a2d85][]\"> <label for=\"form-field-field_90a2d85-0\">Acc\u00e8s libre<\/label><\/span><span class=\"elementor-field-option\"><input type=\"checkbox\" value=\"Acc\u00e8s prot\u00e9g\u00e9 (login et mot de passe)\" id=\"form-field-field_90a2d85-1\" name=\"form_fields[field_90a2d85][]\"> <label for=\"form-field-field_90a2d85-1\">Acc\u00e8s prot\u00e9g\u00e9 (login et mot de passe)<\/label><\/span><\/div>\t\t\t\t<\/div>\n\t\t\t\t\t\t\t\t<div class=\"elementor-field-type-text elementor-field-group elementor-column elementor-field-group-field_5068cf3 elementor-col-100\">\n\t\t\t\t\t\t\t\t\t\t\t\t<label for=\"form-field-field_5068cf3\" class=\"elementor-field-label\">\n\t\t\t\t\t\t\t\tNom du site \t\t\t\t\t\t\t<\/label>\n\t\t\t\t\t\t\t\t\t\t\t\t\t\t<input size=\"1\" type=\"text\" name=\"form_fields[field_5068cf3]\" id=\"form-field-field_5068cf3\" class=\"elementor-field elementor-size-sm  elementor-field-textual\" placeholder=\"(= titre, 40 caract\u00e8res max., espaces compris) \">\n\t\t\t\t\t\t\t\t\t\t\t<\/div>\n\t\t\t\t\t\t\t\t<div class=\"elementor-field-type-text elementor-field-group elementor-column elementor-field-group-field_50163f2 elementor-col-100\">\n\t\t\t\t\t\t\t\t\t\t\t\t<label for=\"form-field-field_50163f2\" class=\"elementor-field-label\">\n\t\t\t\t\t\t\t\tPr\u00e9cision \u00e9ventuelle sur l'objet cartographique \t\t\t\t\t\t\t<\/label>\n\t\t\t\t\t\t\t\t\t\t\t\t\t\t<input size=\"1\" type=\"text\" name=\"form_fields[field_50163f2]\" id=\"form-field-field_50163f2\" class=\"elementor-field elementor-size-sm  elementor-field-textual\" placeholder=\"(= sous-titre)\">\n\t\t\t\t\t\t\t\t\t\t\t<\/div>\n\t\t\t\t\t\t\t\t<div class=\"elementor-field-type-textarea elementor-field-group elementor-column elementor-field-group-field_c642ab8 elementor-col-100\">\n\t\t\t\t\t\t\t\t\t\t\t\t<label for=\"form-field-field_c642ab8\" class=\"elementor-field-label\">\n\t\t\t\t\t\t\t\tBref r\u00e9sum\u00e9 du projet \t\t\t\t\t\t\t<\/label>\n\t\t\t\t\t\t<textarea class=\"elementor-field-textual elementor-field  elementor-size-sm\" name=\"form_fields[field_c642ab8]\" id=\"form-field-field_c642ab8\" rows=\"7\" placeholder=\"(1000 caract\u00e8res max., espaces compris) \"><\/textarea>\t\t\t\t<\/div>\n\t\t\t\t\t\t\t\t<div class=\"elementor-field-type-textarea elementor-field-group elementor-column elementor-field-group-field_f52934c elementor-col-100\">\n\t\t\t\t\t\t\t\t\t\t\t\t<label for=\"form-field-field_f52934c\" class=\"elementor-field-label\">\n\t\t\t\t\t\t\t\tPr\u00e9sentation d\u00e9velopp\u00e9e du site et du projet \t\t\t\t\t\t\t<\/label>\n\t\t\t\t\t\t<textarea class=\"elementor-field-textual elementor-field  elementor-size-sm\" name=\"form_fields[field_f52934c]\" id=\"form-field-field_f52934c\" rows=\"7\" placeholder=\"(5000 caract\u00e8res ; pr\u00e9ciser le nom des porteurs du projet, les chercheurs et ing\u00e9nieurs intervenants, les auteurs des cartes, etc.) \"><\/textarea>\t\t\t\t<\/div>\n\t\t\t\t\t\t\t\t<div class=\"elementor-field-type-textarea elementor-field-group elementor-column elementor-field-group-field_7340847 elementor-col-100\">\n\t\t\t\t\t\t\t\t\t\t\t\t<label for=\"form-field-field_7340847\" class=\"elementor-field-label\">\n\t\t\t\t\t\t\t\tInstitutions partenaires et\/ou financeurs \t\t\t\t\t\t\t<\/label>\n\t\t\t\t\t\t<textarea class=\"elementor-field-textual elementor-field  elementor-size-sm\" name=\"form_fields[field_7340847]\" id=\"form-field-field_7340847\" rows=\"7\" placeholder=\"(pr\u00e9ciser chaque fois le nom et une URL)\"><\/textarea>\t\t\t\t<\/div>\n\t\t\t\t\t\t\t\t<div class=\"elementor-field-type-textarea elementor-field-group elementor-column elementor-field-group-field_e183a9e elementor-col-100\">\n\t\t\t\t\t\t\t\t\t\t\t\t<label for=\"form-field-field_e183a9e\" class=\"elementor-field-label\">\n\t\t\t\t\t\t\t\tLien(s) web \u00e9ventuel(s) \t\t\t\t\t\t\t<\/label>\n\t\t\t\t\t\t<textarea class=\"elementor-field-textual elementor-field  elementor-size-sm\" name=\"form_fields[field_e183a9e]\" id=\"form-field-field_e183a9e\" rows=\"7\" placeholder=\"(sites web o\u00f9 se trouvent des informations, en donnant chaque fois un titre \u00e0 l&#039;URL) \"><\/textarea>\t\t\t\t<\/div>\n\t\t\t\t\t\t\t\t<div class=\"elementor-field-type-textarea elementor-field-group elementor-column elementor-field-group-field_76ea01e elementor-col-100\">\n\t\t\t\t\t\t\t\t\t\t\t\t<label for=\"form-field-field_76ea01e\" class=\"elementor-field-label\">\n\t\t\t\t\t\t\t\tBibliographie \u00e9ventuelle \t\t\t\t\t\t\t<\/label>\n\t\t\t\t\t\t<textarea class=\"elementor-field-textual elementor-field  elementor-size-sm\" name=\"form_fields[field_76ea01e]\" id=\"form-field-field_76ea01e\" rows=\"7\"><\/textarea>\t\t\t\t<\/div>\n\t\t\t\t\t\t\t\t<div class=\"elementor-field-type-html elementor-field-group elementor-column elementor-field-group-field_143f356 elementor-col-100\">\n\t\t\t\t\t<h5><strong>Document \u00e0 joindre<\/strong><\/h5>\t\t\t\t<\/div>\n\t\t\t\t\t\t\t\t<div class=\"elementor-field-type-upload elementor-field-group elementor-column elementor-field-group-field_751447c elementor-col-100\">\n\t\t\t\t\t\t\t\t\t\t\t\t<label for=\"form-field-field_751447c\" class=\"elementor-field-label\">\n\t\t\t\t\t\t\t\tLogos des institutions partenaires et\/ou des financeurs \t\t\t\t\t\t\t<\/label>\n\t\t\t\t\t\t\t\t<input type=\"file\" name=\"form_fields[field_751447c]\" id=\"form-field-field_751447c\" class=\"elementor-field elementor-size-sm  elementor-upload-field\">\n\n\t\t\t\t\t\t<\/div>\n\t\t\t\t\t\t\t\t<div class=\"elementor-field-type-html elementor-field-group elementor-column elementor-field-group-field_d2d177a elementor-col-100\">\n\t\t\t\t\t(fond transparent, format jpeg ou png, hauteur max : 56px, optimis\u00e9s pour le web). Attention les logos sont mis par ordre alphab\u00e9tique. <br\/>Si plusieurs logos faire un zip\t\t\t\t<\/div>\n\t\t\t\t\t\t\t\t<div class=\"elementor-field-type-upload elementor-field-group elementor-column elementor-field-group-field_e0b24c4 elementor-col-100\">\n\t\t\t\t\t\t\t\t\t\t\t\t<label for=\"form-field-field_e0b24c4\" class=\"elementor-field-label\">\n\t\t\t\t\t\t\t\tImage repr\u00e9sentative du projet \t\t\t\t\t\t\t<\/label>\n\t\t\t\t\t\t\t\t<input type=\"file\" name=\"form_fields[field_e0b24c4]\" id=\"form-field-field_e0b24c4\" class=\"elementor-field elementor-size-sm  elementor-upload-field\">\n\n\t\t\t\t\t\t<\/div>\n\t\t\t\t\t\t\t\t<div class=\"elementor-field-type-html elementor-field-group elementor-column elementor-field-group-field_b0b3648 elementor-col-100\">\n\t\t\t\t\t(format 400px \u00d7 220px, r\u00e9solution 72dpi, optimis\u00e9e pour le web) + (optionnel) autres images\/figures pour le texte.\t\t\t\t<\/div>\n\t\t\t\t\t\t\t\t<div class=\"elementor-field-type-text\">\n\t\t\t\t\t<input size=\"1\" type=\"text\" name=\"form_fields[field_d52608e]\" id=\"form-field-field_d52608e\" class=\"elementor-field elementor-size-sm \" style=\"display:none !important;\">\t\t\t\t<\/div>\n\t\t\t\t\t\t\t\t<div class=\"elementor-field-group elementor-column elementor-field-type-submit elementor-col-100 e-form__buttons\">\n\t\t\t\t\t<button class=\"elementor-button elementor-size-sm\" type=\"submit\">\n\t\t\t\t\t\t<span class=\"elementor-button-content-wrapper\">\n\t\t\t\t\t\t\t\t\t\t\t\t\t\t\t\t\t\t\t\t\t\t<span class=\"elementor-button-text\">Envoyer<\/span>\n\t\t\t\t\t\t\t\t\t\t\t\t\t<\/span>\n\t\t\t\t\t<\/button>\n\t\t\t\t<\/div>\n\t\t\t<\/div>\n\t\t<\/form>\n\t\t\t\t\t\t<\/div>\n\t\t\t\t\t<\/div>\n\t\t\t\t<\/div>\n\t\t\t\t<\/div>\n\t\t","protected":false},"excerpt":{"rendered":"<p>Pour int\u00e9grer un nouveau projet dans Chronocarto, il faut tout d\u2019abord contacter le comit\u00e9 de pilotage puis remplir le formulaire ci-dessous de cr\u00e9ation d\u2019une entr\u00e9e sur le portail Chronocarto FORMULAIRE DE CR\u00c9ATION D&rsquo;UNE ENTR\u00c9E SUR LE PORTAIL CHRONOCARTO<\/p>\n","protected":false},"author":1,"featured_media":0,"parent":0,"menu_order":0,"comment_status":"closed","ping_status":"closed","template":"","meta":{"_acf_changed":false,"footnotes":""},"class_list":["post-209","page","type-page","status-publish","hentry"],"acf":[],"_links":{"self":[{"href":"https:\/\/www.chronocarto.ens.fr\/wpchrono\/wp-json\/wp\/v2\/pages\/209","targetHints":{"allow":["GET"]}}],"collection":[{"href":"https:\/\/www.chronocarto.ens.fr\/wpchrono\/wp-json\/wp\/v2\/pages"}],"about":[{"href":"https:\/\/www.chronocarto.ens.fr\/wpchrono\/wp-json\/wp\/v2\/types\/page"}],"author":[{"embeddable":true,"href":"https:\/\/www.chronocarto.ens.fr\/wpchrono\/wp-json\/wp\/v2\/users\/1"}],"replies":[{"embeddable":true,"href":"https:\/\/www.chronocarto.ens.fr\/wpchrono\/wp-json\/wp\/v2\/comments?post=209"}],"version-history":[{"count":25,"href":"https:\/\/www.chronocarto.ens.fr\/wpchrono\/wp-json\/wp\/v2\/pages\/209\/revisions"}],"predecessor-version":[{"id":2535,"href":"https:\/\/www.chronocarto.ens.fr\/wpchrono\/wp-json\/wp\/v2\/pages\/209\/revisions\/2535"}],"wp:attachment":[{"href":"https:\/\/www.chronocarto.ens.fr\/wpchrono\/wp-json\/wp\/v2\/media?parent=209"}],"curies":[{"name":"wp","href":"https:\/\/api.w.org\/{rel}","templated":true}]}}