{"id":207,"date":"2025-12-29T11:27:29","date_gmt":"2025-12-29T10:27:29","guid":{"rendered":"https:\/\/wpchronocarto.gaillard.info\/?page_id=207"},"modified":"2026-03-09T08:06:19","modified_gmt":"2026-03-09T07:06:19","slug":"actualites","status":"publish","type":"page","link":"https:\/\/www.chronocarto.ens.fr\/wpchrono\/actualites\/","title":{"rendered":"Actualit\u00e9s"},"content":{"rendered":"\n<div class=\"wp-block-buttons is-content-justification-right is-layout-flex wp-container-core-buttons-is-layout-d445cf74 wp-block-buttons-is-layout-flex\">\n<div class=\"wp-block-button is-style-fill ticss-92499282\"><a class=\"wp-block-button__link has-white-color has-luminous-vivid-orange-background-color has-text-color has-background has-link-color wp-element-button\" href=\"https:\/\/www.chronocarto.ens.fr\/wpchrono\/news\/\">English  news<\/a><\/div>\n<\/div>\n\n\n\n<p class=\"has-large-font-size\"><strong>F\u00e9vrier 2026<\/strong> : <\/p>\n\n\n\n<p class=\"ticss-33db9ec5\">Dor\u00e9navant la plate forme Chronocarto est \u00e9dit\u00e9e sous WordPress. Cet outil permet une am\u00e9lioration de la s\u00e9curit\u00e9 du site et une \u00e9ditorialisation plus ais\u00e9e.<\/p>\n\n\n\n<p><\/p>\n\n\n\n<p><\/p>\n","protected":false},"excerpt":{"rendered":"<p>F\u00e9vrier 2026 : Dor\u00e9navant la plate forme Chronocarto est \u00e9dit\u00e9e sous WordPress. Cet outil permet une am\u00e9lioration de la s\u00e9curit\u00e9 du site et une \u00e9ditorialisation plus ais\u00e9e.<\/p>\n","protected":false},"author":1,"featured_media":0,"parent":0,"menu_order":0,"comment_status":"closed","ping_status":"closed","template":"","meta":{"_acf_changed":false,"footnotes":""},"class_list":["post-207","page","type-page","status-publish","hentry"],"acf":[],"_links":{"self":[{"href":"https:\/\/www.chronocarto.ens.fr\/wpchrono\/wp-json\/wp\/v2\/pages\/207","targetHints":{"allow":["GET"]}}],"collection":[{"href":"https:\/\/www.chronocarto.ens.fr\/wpchrono\/wp-json\/wp\/v2\/pages"}],"about":[{"href":"https:\/\/www.chronocarto.ens.fr\/wpchrono\/wp-json\/wp\/v2\/types\/page"}],"author":[{"embeddable":true,"href":"https:\/\/www.chronocarto.ens.fr\/wpchrono\/wp-json\/wp\/v2\/users\/1"}],"replies":[{"embeddable":true,"href":"https:\/\/www.chronocarto.ens.fr\/wpchrono\/wp-json\/wp\/v2\/comments?post=207"}],"version-history":[{"count":21,"href":"https:\/\/www.chronocarto.ens.fr\/wpchrono\/wp-json\/wp\/v2\/pages\/207\/revisions"}],"predecessor-version":[{"id":2783,"href":"https:\/\/www.chronocarto.ens.fr\/wpchrono\/wp-json\/wp\/v2\/pages\/207\/revisions\/2783"}],"wp:attachment":[{"href":"https:\/\/www.chronocarto.ens.fr\/wpchrono\/wp-json\/wp\/v2\/media?parent=207"}],"curies":[{"name":"wp","href":"https:\/\/api.w.org\/{rel}","templated":true}]}}