{"id":205,"date":"2025-12-29T11:27:13","date_gmt":"2025-12-29T10:27:13","guid":{"rendered":"https:\/\/wpchronocarto.gaillard.info\/?page_id=205"},"modified":"2026-02-20T11:11:40","modified_gmt":"2026-02-20T10:11:40","slug":"les-membres","status":"publish","type":"page","link":"https:\/\/www.chronocarto.ens.fr\/wpchrono\/les-membres\/","title":{"rendered":"Les membres"},"content":{"rendered":"\t\t<div data-elementor-type=\"wp-page\" data-elementor-id=\"205\" class=\"elementor elementor-205\" data-elementor-post-type=\"page\">\n\t\t\t\t<div class=\"elementor-element elementor-element-d3bf933 e-flex e-con-boxed e-con e-parent\" data-id=\"d3bf933\" data-element_type=\"container\" data-e-type=\"container\">\n\t\t\t\t\t<div class=\"e-con-inner\">\n\t\t<div class=\"elementor-element elementor-element-7b801c0 e-con-full e-flex e-con e-child\" data-id=\"7b801c0\" data-element_type=\"container\" data-e-type=\"container\">\n\t\t\t\t<div class=\"elementor-element elementor-element-319f9fa elementor-widget elementor-widget-image\" data-id=\"319f9fa\" data-element_type=\"widget\" data-e-type=\"widget\" data-widget_type=\"image.default\">\n\t\t\t\t\t\t\t\t\t\t\t\t\t\t\t<img decoding=\"async\" width=\"198\" height=\"200\" src=\"https:\/\/www.chronocarto.ens.fr\/wpchrono\/wp-content\/uploads\/2025\/12\/photo_michel72dpi.jpg\" class=\"attachment-large size-large wp-image-245\" alt=\"\" \/>\t\t\t\t\t\t\t\t\t\t\t\t\t\t\t<\/div>\n\t\t\t\t<div class=\"elementor-element elementor-element-a65bf42 elementor-widget elementor-widget-text-editor\" data-id=\"a65bf42\" data-element_type=\"widget\" data-e-type=\"widget\" data-widget_type=\"text-editor.default\">\n\t\t\t\t\t\t\t\t\t<p><strong>Contact :<\/strong><br \/><a href=\"mailto:michel.dabas@ens.psl.eu\">michel.dabas@ens.psl.eu<\/a><\/p>\t\t\t\t\t\t\t\t<\/div>\n\t\t\t\t<\/div>\n\t\t<div class=\"elementor-element elementor-element-ca685cc e-con-full e-flex e-con e-child\" data-id=\"ca685cc\" data-element_type=\"container\" data-e-type=\"container\">\n\t\t\t\t<div class=\"elementor-element elementor-element-8ff5585 elementor-widget elementor-widget-heading\" data-id=\"8ff5585\" data-element_type=\"widget\" data-e-type=\"widget\" data-widget_type=\"heading.default\">\n\t\t\t\t\t<h2 class=\"elementor-heading-title elementor-size-default\">Michel Dabas<\/h2>\t\t\t\t<\/div>\n\t\t\t\t<div class=\"elementor-element elementor-element-5215ff2 elementor-widget elementor-widget-text-editor\" data-id=\"5215ff2\" data-element_type=\"widget\" data-e-type=\"widget\" data-widget_type=\"text-editor.default\">\n\t\t\t\t\t\t\t\t\t<p><strong>Directeur de recherche au CNRS, Ancien directeur-adjoint du laboratoire d\u2019arch\u00e9ologie de l\u2019Ecole Normale Sup\u00e9rieure de Paris (AOROC).<br \/><\/strong>Dipl\u00f4m\u00e9 de l\u2019Ecole et de l\u2019Observatoire de la Terre (EOPGS) de Strasbourg, il s\u2019est sp\u00e9cialis\u00e9 dans les technique g\u00e9ophysiques appliqu\u00e9es \u00e0 la d\u00e9tection et la cartographie des sites arch\u00e9ologiques. Il a cr\u00e9\u00e9 en 2001 une spin-off GEOCARTA, pour la cartographie des sols dans l\u2019agriculture et la gestion territoriale. En vingt ans, il a dirig\u00e9 un ensemble de plus de 450 missions sur des sites arch\u00e9ologiques en France et \u00e0 l\u2019\u00e9tranger. Depuis sa r\u00e9int\u00e9gration au CNRS en 2016, il d\u00e9veloppe des approches de mise \u00e0 disposition de cartes interactives sur le web (portail chronocarto.eu) et sur le traitement de la chaine d\u2019acquisition des donn\u00e9es spatiales. En parall\u00e8le, il continue de d\u00e9velopper plus particuli\u00e8rement l\u2019application des m\u00e9thodes g\u00e9ophysiques aux sites arch\u00e9ologiques en milieu urbain. Lien Research Gate\u00a0:\u00a0<a href=\"https:\/\/www.researchgate.net\/profile\/Michel-Dabas\" target=\"_blank\" rel=\"noopener noreferrer nofollow\">https:\/\/www.researchgate.net\/profile\/Michel-Dabas<\/a><\/p>\n<figure class=\"wp-block-image size-full\"><\/figure>\n<p><!-- \/wp:image --><!-- wp:paragraph --><\/p>\t\t\t\t\t\t\t\t<\/div>\n\t\t\t\t<\/div>\n\t\t\t\t\t<\/div>\n\t\t\t\t<\/div>\n\t\t<div class=\"elementor-element elementor-element-9d6c16d e-flex e-con-boxed e-con e-parent\" data-id=\"9d6c16d\" data-element_type=\"container\" data-e-type=\"container\">\n\t\t\t\t\t<div class=\"e-con-inner\">\n\t\t\t\t<div class=\"elementor-element elementor-element-766a7d1 elementor-widget-divider--view-line elementor-widget elementor-widget-divider\" data-id=\"766a7d1\" data-element_type=\"widget\" data-e-type=\"widget\" data-widget_type=\"divider.default\">\n\t\t\t\t\t\t\t<div class=\"elementor-divider\">\n\t\t\t<span class=\"elementor-divider-separator\">\n\t\t\t\t\t\t<\/span>\n\t\t<\/div>\n\t\t\t\t\t\t<\/div>\n\t\t\t\t\t<\/div>\n\t\t\t\t<\/div>\n\t\t<div class=\"elementor-element elementor-element-93def8e e-flex e-con-boxed e-con e-parent\" data-id=\"93def8e\" data-element_type=\"container\" data-e-type=\"container\">\n\t\t\t\t\t<div class=\"e-con-inner\">\n\t\t<div class=\"elementor-element elementor-element-5c8199b e-con-full e-flex e-con e-child\" data-id=\"5c8199b\" data-element_type=\"container\" data-e-type=\"container\">\n\t\t\t\t<div class=\"elementor-element elementor-element-49a7810 elementor-widget elementor-widget-image\" data-id=\"49a7810\" data-element_type=\"widget\" data-e-type=\"widget\" data-widget_type=\"image.default\">\n\t\t\t\t\t\t\t\t\t\t\t\t\t\t\t<img decoding=\"async\" width=\"200\" height=\"200\" src=\"https:\/\/www.chronocarto.ens.fr\/wpchrono\/wp-content\/uploads\/2025\/12\/christophe_batardy_en_72_dpi_400_200.jpg\" class=\"attachment-large size-large wp-image-246\" alt=\"\" srcset=\"https:\/\/www.chronocarto.ens.fr\/wpchrono\/wp-content\/uploads\/2025\/12\/christophe_batardy_en_72_dpi_400_200.jpg 200w, https:\/\/www.chronocarto.ens.fr\/wpchrono\/wp-content\/uploads\/2025\/12\/christophe_batardy_en_72_dpi_400_200-150x150.jpg 150w\" sizes=\"(max-width: 200px) 100vw, 200px\" \/>\t\t\t\t\t\t\t\t\t\t\t\t\t\t\t<\/div>\n\t\t\t\t<div class=\"elementor-element elementor-element-f5cf527 elementor-widget elementor-widget-text-editor\" data-id=\"f5cf527\" data-element_type=\"widget\" data-e-type=\"widget\" data-widget_type=\"text-editor.default\">\n\t\t\t\t\t\t\t\t\t<p><strong>Contact :<\/strong><br \/><a href=\"mailto:christophe.batardy@ens.psl.eu\">christophe.batardy<br \/>@ens.psl.eu<\/a><\/p>\t\t\t\t\t\t\t\t<\/div>\n\t\t\t\t<\/div>\n\t\t<div class=\"elementor-element elementor-element-a0901d6 e-con-full e-flex e-con e-child\" data-id=\"a0901d6\" data-element_type=\"container\" data-e-type=\"container\">\n\t\t\t\t<div class=\"elementor-element elementor-element-5c213ef elementor-widget elementor-widget-heading\" data-id=\"5c213ef\" data-element_type=\"widget\" data-e-type=\"widget\" data-widget_type=\"heading.default\">\n\t\t\t\t\t<h2 class=\"elementor-heading-title elementor-size-default\">Christophe Batardy\u00a0<\/h2>\t\t\t\t<\/div>\n\t\t\t\t<div class=\"elementor-element elementor-element-a384d69 elementor-widget elementor-widget-text-editor\" data-id=\"a384d69\" data-element_type=\"widget\" data-e-type=\"widget\" data-widget_type=\"text-editor.default\">\n\t\t\t\t\t\t\t\t\t<p><strong>Ing\u00e9nieur en Analyse de donn\u00e9es en SHS au Minist\u00e8re de la Culture &#8211;\u00a0 mis \u00e0 disposition au sein du laboratoire\u00a0 AOROC (CNRS- ENS) depuis f\u00e9vrier 2021.<br \/><\/strong>Docteur en Histoire contemporaine.<br \/>Ing\u00e9nieur en G\u00e9omatique au Minist\u00e8re de la Culture (1994-2014), enseignant \u00e0 l\u2019Education Nationale (2014-2016), Ing\u00e9nieur en G\u00e9omatique et analyse de donn\u00e9es au CNRS (Laboratoire ESO \u00e0 Nantes 2016-2021), et au laboratoire AOROC &#8211; ENS depuis 2021.<br \/>Sp\u00e9cialiste de SIG et de G\u00e9ostatistiques il a collabor\u00e9 aux travaux d\u2019AOROC d\u00e8s les ann\u00e9es 2000 et \u00e0 ce titre a codirig\u00e9 la publication de l\u2019Atlas du Berry (2000). Au sein du laboratoire il collabore \u00e0 de multiples projets \u00e0 travers l\u2019exploitation des donn\u00e9es spatialis\u00e9es. Il assure des formations en cartographie-SIG et en analyse de donn\u00e9es <a href=\"http:\/\/archeo.ens.fr\/Batardy-Christophe-2687.html\" target=\"_blank\" rel=\"noopener noreferrer nofollow\">http:\/\/archeo.ens.fr\/Batardy-Christophe-2687.html<\/a><\/p>\n<p><!-- \/wp:paragraph --><!-- wp:paragraph --><!-- \/wp:paragraph --><!-- wp:image {\"id\":246,\"sizeSlug\":\"full\",\"linkDestination\":\"none\"} --><\/p>\n<figure class=\"wp-block-image size-full\"><\/figure>\n<p><!-- \/wp:image --><!-- wp:paragraph --><\/p>\t\t\t\t\t\t\t\t<\/div>\n\t\t\t\t<\/div>\n\t\t\t\t\t<\/div>\n\t\t\t\t<\/div>\n\t\t<div class=\"elementor-element elementor-element-bb294f1 e-flex e-con-boxed e-con e-parent\" data-id=\"bb294f1\" data-element_type=\"container\" data-e-type=\"container\">\n\t\t\t\t\t<div class=\"e-con-inner\">\n\t\t\t\t<div class=\"elementor-element elementor-element-7c501b9 elementor-widget-divider--view-line elementor-widget elementor-widget-divider\" data-id=\"7c501b9\" data-element_type=\"widget\" data-e-type=\"widget\" data-widget_type=\"divider.default\">\n\t\t\t\t\t\t\t<div class=\"elementor-divider\">\n\t\t\t<span class=\"elementor-divider-separator\">\n\t\t\t\t\t\t<\/span>\n\t\t<\/div>\n\t\t\t\t\t\t<\/div>\n\t\t\t\t\t<\/div>\n\t\t\t\t<\/div>\n\t\t<div class=\"elementor-element elementor-element-9ed3637 e-flex e-con-boxed e-con e-parent\" data-id=\"9ed3637\" data-element_type=\"container\" data-e-type=\"container\">\n\t\t\t\t\t<div class=\"e-con-inner\">\n\t\t<div class=\"elementor-element elementor-element-4fa3c2e e-con-full e-flex e-con e-child\" data-id=\"4fa3c2e\" data-element_type=\"container\" data-e-type=\"container\">\n\t\t\t\t<div class=\"elementor-element elementor-element-6ed3457 elementor-widget elementor-widget-image\" data-id=\"6ed3457\" data-element_type=\"widget\" data-e-type=\"widget\" data-widget_type=\"image.default\">\n\t\t\t\t\t\t\t\t\t\t\t\t\t\t\t<img decoding=\"async\" width=\"197\" height=\"200\" src=\"https:\/\/www.chronocarto.ens.fr\/wpchrono\/wp-content\/uploads\/2025\/12\/photo_yadh_72dpi.jpg\" class=\"attachment-large size-large wp-image-247\" alt=\"\" \/>\t\t\t\t\t\t\t\t\t\t\t\t\t\t\t<\/div>\n\t\t\t\t<div class=\"elementor-element elementor-element-0ffb2e5 elementor-widget elementor-widget-text-editor\" data-id=\"0ffb2e5\" data-element_type=\"widget\" data-e-type=\"widget\" data-widget_type=\"text-editor.default\">\n\t\t\t\t\t\t\t\t\t<p><strong>Contact :<\/strong><br \/><a href=\"mailto:yadh.riahi@yebni.com\">yadh.riahi@yebni.com<\/a><\/p>\t\t\t\t\t\t\t\t<\/div>\n\t\t\t\t<\/div>\n\t\t<div class=\"elementor-element elementor-element-7dc3e63 e-con-full e-flex e-con e-child\" data-id=\"7dc3e63\" data-element_type=\"container\" data-e-type=\"container\">\n\t\t\t\t<div class=\"elementor-element elementor-element-2ce750b elementor-widget elementor-widget-heading\" data-id=\"2ce750b\" data-element_type=\"widget\" data-e-type=\"widget\" data-widget_type=\"heading.default\">\n\t\t\t\t\t<h2 class=\"elementor-heading-title elementor-size-default\">Yadh Riahi<\/h2>\t\t\t\t<\/div>\n\t\t\t\t<div class=\"elementor-element elementor-element-dcbdef1 elementor-widget elementor-widget-text-editor\" data-id=\"dcbdef1\" data-element_type=\"widget\" data-e-type=\"widget\" data-widget_type=\"text-editor.default\">\n\t\t\t\t\t\t\t\t\t<p><strong>Ma\u00eetre assistant en physique \u00e0 l\u2019ISTMT, Tunis.<\/strong><br \/>Utilisation des techniques de l\u2019IA pour l\u2019analyse des donn\u00e9es spatiales (g\u00e9o r\u00e9f\u00e9renc\u00e9es)\u00a0: Application \u00e0 l\u2019interpr\u00e9tation semi automatiques des donn\u00e9es g\u00e9ophysiques. Application des techniques de l\u2019IA et de l\u2019apprentissage machine pour l\u2019analyse des images m\u00e9dicales. D\u00e9veloppement d\u2019outils informatiques dans le cadre des projets\u00a0: Chronocarto, Atlas de l\u2019\u00e2ge de fer, Danubius, Mont Beuvray, Grand, Base des monnaies Antiques. Int\u00e9gration des biblioth\u00e8ques de statistique R et des biblioth\u00e8ques python de traitement d\u2019images dans la plateforme WebSIG Chronocarto.\u00a0<a href=\"https:\/\/www.archeo.ens.fr\/Riahi-Yadh.html\" target=\"_blank\" rel=\"noopener noreferrer nofollow\">https:\/\/www.archeo.ens.fr\/Riahi-Yadh.html<\/a><\/p>\t\t\t\t\t\t\t\t<\/div>\n\t\t\t\t<\/div>\n\t\t\t\t\t<\/div>\n\t\t\t\t<\/div>\n\t\t<div class=\"elementor-element elementor-element-384d4fc e-flex e-con-boxed e-con e-parent\" data-id=\"384d4fc\" data-element_type=\"container\" data-e-type=\"container\">\n\t\t\t\t\t<div class=\"e-con-inner\">\n\t\t\t\t<div class=\"elementor-element elementor-element-b96edc5 elementor-widget-divider--view-line elementor-widget elementor-widget-divider\" data-id=\"b96edc5\" data-element_type=\"widget\" data-e-type=\"widget\" data-widget_type=\"divider.default\">\n\t\t\t\t\t\t\t<div class=\"elementor-divider\">\n\t\t\t<span class=\"elementor-divider-separator\">\n\t\t\t\t\t\t<\/span>\n\t\t<\/div>\n\t\t\t\t\t\t<\/div>\n\t\t\t\t\t<\/div>\n\t\t\t\t<\/div>\n\t\t<div class=\"elementor-element elementor-element-2b38e74 e-flex e-con-boxed e-con e-parent\" data-id=\"2b38e74\" data-element_type=\"container\" data-e-type=\"container\">\n\t\t\t\t\t<div class=\"e-con-inner\">\n\t\t<div class=\"elementor-element elementor-element-30e7f59 e-con-full e-flex e-con e-child\" data-id=\"30e7f59\" data-element_type=\"container\" data-e-type=\"container\">\n\t\t\t\t<div class=\"elementor-element elementor-element-7bd866c elementor-widget elementor-widget-image\" data-id=\"7bd866c\" data-element_type=\"widget\" data-e-type=\"widget\" data-widget_type=\"image.default\">\n\t\t\t\t\t\t\t\t\t\t\t\t\t\t\t<img loading=\"lazy\" decoding=\"async\" width=\"199\" height=\"200\" src=\"https:\/\/www.chronocarto.ens.fr\/wpchrono\/wp-content\/uploads\/2025\/12\/photo_katherine72dpi.jpg\" class=\"attachment-large size-large wp-image-248\" alt=\"\" srcset=\"https:\/\/www.chronocarto.ens.fr\/wpchrono\/wp-content\/uploads\/2025\/12\/photo_katherine72dpi.jpg 199w, https:\/\/www.chronocarto.ens.fr\/wpchrono\/wp-content\/uploads\/2025\/12\/photo_katherine72dpi-150x150.jpg 150w\" sizes=\"(max-width: 199px) 100vw, 199px\" \/>\t\t\t\t\t\t\t\t\t\t\t\t\t\t\t<\/div>\n\t\t\t\t<div class=\"elementor-element elementor-element-376926f elementor-widget elementor-widget-text-editor\" data-id=\"376926f\" data-element_type=\"widget\" data-e-type=\"widget\" data-widget_type=\"text-editor.default\">\n\t\t\t\t\t\t\t\t\t<p><strong>Contact :<\/strong><br \/><a href=\"mailto:katherine.gruel@ens.psl.eu\">katherine.gruel@ens.psl.eu<\/a><\/p>\t\t\t\t\t\t\t\t<\/div>\n\t\t\t\t<\/div>\n\t\t<div class=\"elementor-element elementor-element-47edf01 e-con-full e-flex e-con e-child\" data-id=\"47edf01\" data-element_type=\"container\" data-e-type=\"container\">\n\t\t\t\t<div class=\"elementor-element elementor-element-b7da798 elementor-widget elementor-widget-heading\" data-id=\"b7da798\" data-element_type=\"widget\" data-e-type=\"widget\" data-widget_type=\"heading.default\">\n\t\t\t\t\t<h2 class=\"elementor-heading-title elementor-size-default\">Katherine Gruel\u00a0<\/h2>\t\t\t\t<\/div>\n\t\t\t\t<div class=\"elementor-element elementor-element-dabb145 elementor-widget elementor-widget-text-editor\" data-id=\"dabb145\" data-element_type=\"widget\" data-e-type=\"widget\" data-widget_type=\"text-editor.default\">\n\t\t\t\t\t\t\t\t\t<p><strong>Directrice de recherche (\u00e9) au CNRS, Protohistorienne, arch\u00e9ologue, numismate.<\/strong><br \/>Elle a mis en place le portail chronocarto. Elle est aussi responsable de la BaseFer, de la Base Facies Mon\u00e9taire et de plusieurs projets sous Gcserver. Elle est tr\u00e8s investie dans la mise \u00e0 disposition des donn\u00e9es et de leur archivage. Elle coordonne, avec Agn\u00e8s Tricoche, le d\u00e9p\u00f4t des archives primaires des fouilles AOROC sur Nakala (IOTA). Elle dirige aussi la collection Histoire et arch\u00e9ologie, co-\u00e9dit\u00e9e par les \u00e9ditions Hermann et AOrOc.\u00a0<a href=\"http:\/\/archeo.ens.fr\/Gruel-Katherine.html\" target=\"_blank\" rel=\"noopener noreferrer nofollow\">http:\/\/archeo.ens.fr\/Gruel-Katherine.html<\/a><\/p>\t\t\t\t\t\t\t\t<\/div>\n\t\t\t\t<\/div>\n\t\t\t\t\t<\/div>\n\t\t\t\t<\/div>\n\t\t<div class=\"elementor-element elementor-element-e250991 e-flex e-con-boxed e-con e-parent\" data-id=\"e250991\" data-element_type=\"container\" data-e-type=\"container\">\n\t\t\t\t\t<div class=\"e-con-inner\">\n\t\t\t\t<div class=\"elementor-element elementor-element-385a94e elementor-widget-divider--view-line elementor-widget elementor-widget-divider\" data-id=\"385a94e\" data-element_type=\"widget\" data-e-type=\"widget\" data-widget_type=\"divider.default\">\n\t\t\t\t\t\t\t<div class=\"elementor-divider\">\n\t\t\t<span class=\"elementor-divider-separator\">\n\t\t\t\t\t\t<\/span>\n\t\t<\/div>\n\t\t\t\t\t\t<\/div>\n\t\t\t\t\t<\/div>\n\t\t\t\t<\/div>\n\t\t<div class=\"elementor-element elementor-element-831cf18 e-flex e-con-boxed e-con e-parent\" data-id=\"831cf18\" data-element_type=\"container\" data-e-type=\"container\">\n\t\t\t\t\t<div class=\"e-con-inner\">\n\t\t<div class=\"elementor-element elementor-element-2eac89a e-con-full e-flex e-con e-child\" data-id=\"2eac89a\" data-element_type=\"container\" data-e-type=\"container\">\n\t\t\t\t<div class=\"elementor-element elementor-element-917a567 elementor-widget elementor-widget-image\" data-id=\"917a567\" data-element_type=\"widget\" data-e-type=\"widget\" data-widget_type=\"image.default\">\n\t\t\t\t\t\t\t\t\t\t\t\t\t\t\t<img loading=\"lazy\" decoding=\"async\" width=\"186\" height=\"220\" src=\"https:\/\/www.chronocarto.ens.fr\/wpchrono\/wp-content\/uploads\/2025\/12\/photo_wanis_400_220.png\" class=\"attachment-large size-large wp-image-249\" alt=\"\" \/>\t\t\t\t\t\t\t\t\t\t\t\t\t\t\t<\/div>\n\t\t\t\t<div class=\"elementor-element elementor-element-7891d58 elementor-widget elementor-widget-text-editor\" data-id=\"7891d58\" data-element_type=\"widget\" data-e-type=\"widget\" data-widget_type=\"text-editor.default\">\n\t\t\t\t\t\t\t\t\t<p><strong>Contact :<\/strong><br \/><a href=\"mailto:wanis.b@gmail.com\">wanis.b@gmail.com<\/a><\/p>\t\t\t\t\t\t\t\t<\/div>\n\t\t\t\t<\/div>\n\t\t<div class=\"elementor-element elementor-element-2b36278 e-con-full e-flex e-con e-child\" data-id=\"2b36278\" data-element_type=\"container\" data-e-type=\"container\">\n\t\t\t\t<div class=\"elementor-element elementor-element-0465aea elementor-widget elementor-widget-heading\" data-id=\"0465aea\" data-element_type=\"widget\" data-e-type=\"widget\" data-widget_type=\"heading.default\">\n\t\t\t\t\t<h2 class=\"elementor-heading-title elementor-size-default\">\u00a0Wanis Bareh<\/h2>\t\t\t\t<\/div>\n\t\t\t\t<div class=\"elementor-element elementor-element-2b84ae0 elementor-widget elementor-widget-text-editor\" data-id=\"2b84ae0\" data-element_type=\"widget\" data-e-type=\"widget\" data-widget_type=\"text-editor.default\">\n\t\t\t\t\t\t\t\t\t<p><strong>Ing\u00e9nieur en informatique (Ecole Nationale Sup\u00e9rieure des Sciences de l&rsquo;Informatique &#8211; Tunis) et chef de projet \u00e0 Yebni Information et Communication depuis 2005.<\/strong><\/p>\n<p>Sp\u00e9cialis\u00e9 sur les\u00a0 Syst\u00e8mes d\u2019Information G\u00e9ographique (SIG) et Intelligence Artificielle (IA). Con\u00e7oit, d\u00e9veloppe\u00a0 et int\u00e8gre des solutions g\u00e9ospatiales intelligentes. Comp\u00e9tences dans le traitement, l\u2019analyse et la visualisation de donn\u00e9es spatiales et environnementales, ainsi que dans l\u2019application de techniques d\u2019apprentissage automatique et de deep learning pour la d\u00e9tection, la classification et la mod\u00e9lisation d\u2019objets \u00e0 partir d\u2019images satellites et a\u00e9riennes. Alliant expertise en programmation, bases de donn\u00e9es spatiales, webmapping et g\u00e9o-IA, il contribue \u00e0 la transformation num\u00e9rique des domaines du territoire, de l\u2019am\u00e9nagement, de l\u2019arch\u00e9ologie et de l\u2019agriculture de pr\u00e9cision.<\/p>\t\t\t\t\t\t\t\t<\/div>\n\t\t\t\t<\/div>\n\t\t\t\t\t<\/div>\n\t\t\t\t<\/div>\n\t\t\t\t<\/div>\n\t\t","protected":false},"excerpt":{"rendered":"<p>Contact :michel.dabas@ens.psl.eu Michel Dabas Directeur de recherche au CNRS, Ancien directeur-adjoint du laboratoire d\u2019arch\u00e9ologie de l\u2019Ecole Normale Sup\u00e9rieure de Paris (AOROC).Dipl\u00f4m\u00e9 de l\u2019Ecole et de l\u2019Observatoire de la Terre (EOPGS) de Strasbourg, il s\u2019est sp\u00e9cialis\u00e9 dans les technique g\u00e9ophysiques appliqu\u00e9es \u00e0 la d\u00e9tection et la cartographie des sites arch\u00e9ologiques. Il a cr\u00e9\u00e9 en 2001 une [&hellip;]<\/p>\n","protected":false},"author":1,"featured_media":0,"parent":0,"menu_order":0,"comment_status":"closed","ping_status":"closed","template":"","meta":{"_acf_changed":false,"footnotes":""},"class_list":["post-205","page","type-page","status-publish","hentry"],"acf":[],"_links":{"self":[{"href":"https:\/\/www.chronocarto.ens.fr\/wpchrono\/wp-json\/wp\/v2\/pages\/205","targetHints":{"allow":["GET"]}}],"collection":[{"href":"https:\/\/www.chronocarto.ens.fr\/wpchrono\/wp-json\/wp\/v2\/pages"}],"about":[{"href":"https:\/\/www.chronocarto.ens.fr\/wpchrono\/wp-json\/wp\/v2\/types\/page"}],"author":[{"embeddable":true,"href":"https:\/\/www.chronocarto.ens.fr\/wpchrono\/wp-json\/wp\/v2\/users\/1"}],"replies":[{"embeddable":true,"href":"https:\/\/www.chronocarto.ens.fr\/wpchrono\/wp-json\/wp\/v2\/comments?post=205"}],"version-history":[{"count":57,"href":"https:\/\/www.chronocarto.ens.fr\/wpchrono\/wp-json\/wp\/v2\/pages\/205\/revisions"}],"predecessor-version":[{"id":2710,"href":"https:\/\/www.chronocarto.ens.fr\/wpchrono\/wp-json\/wp\/v2\/pages\/205\/revisions\/2710"}],"wp:attachment":[{"href":"https:\/\/www.chronocarto.ens.fr\/wpchrono\/wp-json\/wp\/v2\/media?parent=205"}],"curies":[{"name":"wp","href":"https:\/\/api.w.org\/{rel}","templated":true}]}}