{"id":203,"date":"2025-12-29T11:26:42","date_gmt":"2025-12-29T10:26:42","guid":{"rendered":"https:\/\/wpchronocarto.gaillard.info\/?page_id=203"},"modified":"2026-02-09T15:15:01","modified_gmt":"2026-02-09T14:15:01","slug":"comite-de-pilotage","status":"publish","type":"page","link":"https:\/\/www.chronocarto.ens.fr\/wpchrono\/comite-de-pilotage\/","title":{"rendered":"Comit\u00e9 de pilotage"},"content":{"rendered":"\n<p>&nbsp;<strong>Michel Dabas<\/strong> : <a href=\"mailto:michel.dabas@ens.psl.eu\">michel.dabas@ens.psl.eu<\/a><\/p>\n\n\n\n<p><strong>Christophe Batardy<\/strong> : <a href=\"mailto:christophe.batardy@ens.psl.eu\">christophe.batardy@ens.psl.eu<\/a><\/p>\n\n\n\n<p><strong>Wanis Bareh <\/strong>: <a href=\"mailto:wanis.b@gmail.com\">wanis.b@gmail.com<\/a><\/p>\n\n\n\n<p><strong>Katherine Gruel<\/strong> : <a href=\"mailto:katherine.gruel@ens.psl.eu\">katherine.gruel@ens.psl.eu<\/a><\/p>\n\n\n\n<hr class=\"wp-block-separator has-text-color has-alpha-channel-opacity has-background is-style-default\" style=\"background-color:#d7d7d7;color:#d7d7d7\"\/>\n\n\n\n<h2 class=\"wp-block-heading\">&nbsp;Il a pour r\u00f4le de<\/h2>\n\n\n\n<ul class=\"wp-block-list\">\n<li>Acter de l\u2019\u00e9volution des ontologies et des outils de Chronocarto pour la communaut\u00e9 ou l\u2019ensemble des utilisateurs en collaboration avec les r\u00e9f\u00e9rentiels g\u00e9n\u00e9raux.<\/li>\n\n\n\n<li>Animer la communaut\u00e9 par la mise en ligne de nouvelles ressources concernant la communaut\u00e9.<\/li>\n\n\n\n<li>Administrer les projets.<\/li>\n\n\n\n<li>D\u00e9cider de l\u2019attribution ou non d\u2019identifiants \u00e0 Chronocarto.<\/li>\n\n\n\n<li>Aider l\u2019utilisateur \u00e0 cr\u00e9er de nouveaux projets, \u00e0 se familiariser avec les outils.<\/li>\n\n\n\n<li>Organiser des formations \u00e0 destination de la communaut\u00e9 des utilisateurs.<\/li>\n<\/ul>\n\n\n\n<p><\/p>\n","protected":false},"excerpt":{"rendered":"<p>&nbsp;Michel Dabas : michel.dabas@ens.psl.eu Christophe Batardy : christophe.batardy@ens.psl.eu Wanis Bareh : wanis.b@gmail.com Katherine Gruel : katherine.gruel@ens.psl.eu &nbsp;Il a pour r\u00f4le de<\/p>\n","protected":false},"author":1,"featured_media":0,"parent":0,"menu_order":0,"comment_status":"closed","ping_status":"closed","template":"","meta":{"_acf_changed":false,"footnotes":""},"class_list":["post-203","page","type-page","status-publish","hentry"],"acf":[],"_links":{"self":[{"href":"https:\/\/www.chronocarto.ens.fr\/wpchrono\/wp-json\/wp\/v2\/pages\/203","targetHints":{"allow":["GET"]}}],"collection":[{"href":"https:\/\/www.chronocarto.ens.fr\/wpchrono\/wp-json\/wp\/v2\/pages"}],"about":[{"href":"https:\/\/www.chronocarto.ens.fr\/wpchrono\/wp-json\/wp\/v2\/types\/page"}],"author":[{"embeddable":true,"href":"https:\/\/www.chronocarto.ens.fr\/wpchrono\/wp-json\/wp\/v2\/users\/1"}],"replies":[{"embeddable":true,"href":"https:\/\/www.chronocarto.ens.fr\/wpchrono\/wp-json\/wp\/v2\/comments?post=203"}],"version-history":[{"count":12,"href":"https:\/\/www.chronocarto.ens.fr\/wpchrono\/wp-json\/wp\/v2\/pages\/203\/revisions"}],"predecessor-version":[{"id":2487,"href":"https:\/\/www.chronocarto.ens.fr\/wpchrono\/wp-json\/wp\/v2\/pages\/203\/revisions\/2487"}],"wp:attachment":[{"href":"https:\/\/www.chronocarto.ens.fr\/wpchrono\/wp-json\/wp\/v2\/media?parent=203"}],"curies":[{"name":"wp","href":"https:\/\/api.w.org\/{rel}","templated":true}]}}